{"id":11,"date":"2025-10-01T09:57:11","date_gmt":"2025-10-01T09:57:11","guid":{"rendered":"https:\/\/konkurs.castellogt.pl\/?page_id=11"},"modified":"2026-01-28T20:39:36","modified_gmt":"2026-01-28T20:39:36","slug":"regulamin","status":"publish","type":"page","link":"https:\/\/konkurs.castellogt.pl\/index.php\/regulamin\/","title":{"rendered":"Regulamin"},"content":{"rendered":"\n<p><strong>X Og\u00f3lnopolski Konkurs Indywidualno\u015bci Muzycznych<\/strong><\/p>\n\n\n\n<p><strong>ATMA \u2013 2026<\/strong><\/p>\n\n\n\n<p>I. ZASADY UCZESTNICTWA<\/p>\n\n\n\n<p>W konkursie mog\u0105 wzi\u0105\u0107 udzia\u0142 m\u0142odzi instrumentali\u015bci: uczniowie wszystkich typ\u00f3w szk\u00f3\u0142 muzycznych w Polsce, studenci uczelni muzycznych, a tak\u017ce m\u0142odzie\u017c kszta\u0142c\u0105ca si\u0119 muzycznie poza systemem szkolnictwa. Dopuszczone b\u0119d\u0105 zg\u0142oszenia os\u00f3b urodzonych w latach <strong>2006 \u2013 2011<\/strong>, legitymuj\u0105cych si\u0119 obywatelstwem polskim. Uczniowie cz\u0142onk\u00f3w jury danej edycji nie mog\u0105 uczestniczy\u0107 w konkursie dla zachowania jego obiektywnego i\u00a0transparentnego charakteru.<\/p>\n\n\n\n<p>II. DYSCYPLINY KONKURSU<\/p>\n\n\n\n<p>1. Fortepian<br>2. Gitara<br>3. Skrzypce<br>4. Wiolonczela<\/p>\n\n\n\n<p>III. PROGRAM<\/p>\n\n\n\n<p>Do konkursu zg\u0142osi\u0107 mo\u017cna wykonania utwor\u00f3w z zakresu literatury klasycznej, obejmuj\u0105cej dowolny okres historyczny z wy\u0142\u0105czeniem tzw. muzyki rozrywkowej. Czas trwania programu: <strong>mi\u0119dzy 20 a 25 minut<\/strong>. Wszystkie utwory nale\u017cy wykona\u0107 z pami\u0119ci.<\/p>\n\n\n\n<p>IV. ZASADY PRZYJMOWANIA ZG\u0141OSZE\u0143<\/p>\n\n\n\n<p>1. TERMIN NADSY\u0141ANIA ZG\u0141OSZE\u0143 I NAGRA\u0143 UP\u0141YWA Z DNIEM <strong>5 KWIETNIA 2026 r.<\/strong> Nale\u017cy przes\u0142a\u0107 wype\u0142niony, dost\u0119pny na stronie internetowej formularz zg\u0142oszeniowy oraz link do nagrania (zamieszczonego na prywatnym kanale w serwisie youtube) z wybranym programem. Zg\u0142oszenie zostanie potwierdzone mailowo.<\/p>\n\n\n\n<p>2. Nagranie musi spe\u0142nia\u0107 nast\u0119puj\u0105ce kryteria:<\/p>\n\n\n\n<p>a) poszczeg\u00f3lne utwory lub ich cz\u0119\u015bci nie mog\u0105 nosi\u0107 znamion monta\u017cu i musz\u0105&nbsp;stanowi\u0107 jednolit\u0105 ca\u0142o\u015b\u0107 audiowizualn\u0105 tzn. osobno mo\u017cna nagra\u0107 np. cz\u0119\u015bci sonaty lub suity, ale nie fragmenty tych cz\u0119\u015bci lub samodzielnych utwor\u00f3w<\/p>\n\n\n\n<p>b) dopuszczalne mo\u017ce by\u0107 wykorzystanie koncertowych lub studyjnych nagra\u0144 jedynie&nbsp;z lat 2023 \u2013 2026 (poziom techniczny nagrania powinien umo\u017cliwi\u0107 rzeteln\u0105 ocen\u0119 wykonania)<\/p>\n\n\n\n<p>3. Na podane przez Organizatora na stronie konkursu konto nale\u017cy przes\u0142a\u0107 op\u0142at\u0119 wpisow\u0105 w wysoko\u015bci 200 PLN z dopiskiem Konkurs-ATMA. Nie podlega ona zwrotowi bez wzgl\u0119du na rezultat kwalifikacji.<\/p>\n\n\n\n<p>4. Przys\u0142anie zg\u0142oszenia oraz dokonanie wp\u0142aty jest jednoznaczne z akceptacj\u0105 regulaminu, a niespe\u0142nienie kt\u00f3regokolwiek z warunk\u00f3w regulaminu dyskwalifikuje uczestnika z udzia\u0142u w konkursie.<\/p>\n\n\n\n<p>5. Lista uczestnik\u00f3w zakwalifikowanych na podstawie nagra\u0144 do fina\u0142u podana zostanie na stronie internetowej po zako\u0144czeniu etapu kwalifikacji \u2013 w dniu 12.04.2026 r. Pozostali uczestnicy kwalifikacji otrzymaj\u0105 drog\u0105 mailow\u0105 dyplom uczestnictwa w konkursie.<\/p>\n\n\n\n<p>V. FINA\u0141 KONKURSU<\/p>\n\n\n\n<p>1. Na zakwalifikowanie si\u0119 do fina\u0142u wp\u0142yw b\u0119dzie mie\u0107 oryginalno\u015b\u0107 interpretacji wykonywanych utwor\u00f3w oraz jej odpowiedni poziom techniczny, jak r\u00f3wnie\u017c dob\u00f3r programu (w finale nale\u017cy wykona\u0107 w ca\u0142o\u015bci nades\u0142any w nagraniu eliminacji program).<\/p>\n\n\n\n<p>2. Oceny nades\u0142anych materia\u0142\u00f3w dokonaj\u0105 poszczeg\u00f3lni jurorzy, a suma g\u0142os\u00f3w przyznanych uczestnikom zadecyduje o zakwalifikowaniu ich do fina\u0142u.<\/p>\n\n\n\n<p>3. Do fina\u0142u zostanie dopuszczonych 4 uczestnik\u00f3w, ale w wyj\u0105tkowej sytuacji Jury mo\u017ce podj\u0105\u0107 decyzj\u0119 o rozszerzeniu liczby finalist\u00f3w.<\/p>\n\n\n\n<p>4. Jury wy\u0142oni zwyci\u0119zc\u0119 Konkursu podobnie jak podczas kwalifikacji \u2013 w oparciu o typowania poszczeg\u00f3lnych juror\u00f3w i sum\u0119 g\u0142os\u00f3w.<\/p>\n\n\n\n<p>5. W przypadku otrzymania takiej samej liczby g\u0142os\u00f3w przez dw\u00f3ch lub wi\u0119cej finalist\u00f3w, jury wy\u0142oni zwyci\u0119zc\u0119 na drodze odr\u0119bnego g\u0142osowania.<\/p>\n\n\n\n<p>6. G\u0142osy otrzymane na etapie kwalifikacji nie b\u0119d\u0105 brane pod uwag\u0119 w finale.<\/p>\n\n\n\n<p>7. Fina\u0142 konkursu odb\u0119dzie si\u0119 w niedziel\u0119 \u2013 19 kwietnia 2026 r. w Muzeum Karola Szymanowskiego w willi \u201eAtma\u201d w Zakopanem. Oddziale Muzeum Narodowego w Krakowie.<\/p>\n\n\n\n<p>VI. NAGRODY I WYR\u00d3\u017bNIENIA<\/p>\n\n\n\n<p>1. W Konkursie zostanie przyznana G\u0142\u00f3wna Nagroda o warto\u015bci <strong>15 000 PLN<\/strong> dla najlepszego wykonawcy. Na nagrod\u0119 sk\u0142ada si\u0119 kwota <strong>5 000 PLN<\/strong> ufundowana przez <strong>Burmistrza Miasta Zakopane<\/strong>, pana \u0141ukasza Filipowicza oraz talon rabatowy o warto\u015bci <strong>5 000 PLN<\/strong> do wykorzystania przy zakupie instrumentu dla pianisty w Firmie Schimmel, dla skrzypka b\u0105d\u017a wiolonczelisty w Pracowni Wojciecha Topy, dla gitarzysty w Pracowni Aleksandra Benedykta.<\/p>\n\n\n\n<p>Szko\u0142a, kt\u00f3r\u0105 b\u0119dzie reprezentowa\u0142 Zwyci\u0119zca Konkursu otrzyma talon rabatowy w wysoko\u015bci <strong>5000 PLN<\/strong> do wykorzystania w Firmie Schimmel (przy zakupie instrumentu tej marki lub remoncie dowolnej marki fortepianu lub pianina).<\/p>\n\n\n\n<p>2. Dla finalist\u00f3w przyznane zostan\u0105 r\u00f3wnie\u017c nagrody specjalne:<\/p>\n\n\n\n<p>\u2013&nbsp; Adam Balas \u2013 dyrektor NOSPR-u zaprosi zwyci\u0119zc\u0119 konkursu do udzia\u0142u w koncercie w siedzibie NOSPR-u w Katowicach;<\/p>\n\n\n\n<p>\u2013&nbsp; El\u017cbieta Stefa\u0144ska zaprosi zwyci\u0119zc\u0119 oraz wybranych finalist\u00f3w konkursu do udzia\u0142u w koncercie swojego Salonu Muzycznego w Krakowie;<\/p>\n\n\n\n<p>\u2013 Ma\u0142gorzata Janicka-S\u0142ysz \u2013 kurator do spraw programowych \u201eAtmy\u201d \u2013 zaprosi zwyci\u0119zc\u0119 oraz wybranych finalist\u00f3w konkursu do udzia\u0142u w koncercie w Muzeum Karola Szymanowskiego w willi \u201eAtma\u201d w Zakopanem. Oddziale Muzeum Narodowego w Krakowie.<\/p>\n\n\n\n<p>&#8211; Andrzej Betlej &#8211; dyrektor Zamku Kr\u00f3lewskiego na Wawelu zaprosi zwyci\u0119zc\u0119 konkursu do udzia\u0142u w Festiwalu Wawel o Zmierzchu<\/p>\n\n\n\n<p>VII. JURY<\/p>\n\n\n\n<p>1. W sk\u0142ad Jury wejd\u0105 specjali\u015bci kategorii konkursowych oraz przedstawiciele takich specjalno\u015bci jak kompozycja, dyrygentura i teoria muzyki. Jego sk\u0142ad zostanie podany do dnia 12 kwietnia 2026 r.<\/p>\n\n\n\n<p>2. Decyzje Jury s\u0105 ostateczne.<\/p>\n","protected":false},"excerpt":{"rendered":"<p>X Og\u00f3lnopolski Konkurs Indywidualno\u015bci Muzycznych ATMA \u2013 2026 I. ZASADY UCZESTNICTWA W konkursie mog\u0105 wzi\u0105\u0107 udzia\u0142 m\u0142odzi instrumentali\u015bci: uczniowie wszystkich typ\u00f3w szk\u00f3\u0142 muzycznych w Polsce, studenci uczelni muzycznych, a tak\u017ce m\u0142odzie\u017c kszta\u0142c\u0105ca si\u0119 muzycznie poza systemem szkolnictwa. Dopuszczone b\u0119d\u0105 zg\u0142oszenia os\u00f3b urodzonych w latach 2006 \u2013 2011, legitymuj\u0105cych si\u0119 obywatelstwem polskim. Uczniowie cz\u0142onk\u00f3w jury danej<\/p>\n<div class=\"more-link\">\n\t\t\t\t <a href=\"https:\/\/konkurs.castellogt.pl\/index.php\/regulamin\/\" class=\"link-btn theme-btn\"><span>Czytaj wi\u0119cej <\/span> <i class=\"fa fa-caret-right\"><\/i><\/a>\n\t\t\t<\/div>\n","protected":false},"author":1,"featured_media":0,"parent":0,"menu_order":0,"comment_status":"closed","ping_status":"closed","template":"","meta":{"footnotes":""},"class_list":["post-11","page","type-page","status-publish","hentry"],"_links":{"self":[{"href":"https:\/\/konkurs.castellogt.pl\/index.php\/wp-json\/wp\/v2\/pages\/11","targetHints":{"allow":["GET"]}}],"collection":[{"href":"https:\/\/konkurs.castellogt.pl\/index.php\/wp-json\/wp\/v2\/pages"}],"about":[{"href":"https:\/\/konkurs.castellogt.pl\/index.php\/wp-json\/wp\/v2\/types\/page"}],"author":[{"embeddable":true,"href":"https:\/\/konkurs.castellogt.pl\/index.php\/wp-json\/wp\/v2\/users\/1"}],"replies":[{"embeddable":true,"href":"https:\/\/konkurs.castellogt.pl\/index.php\/wp-json\/wp\/v2\/comments?post=11"}],"version-history":[{"count":10,"href":"https:\/\/konkurs.castellogt.pl\/index.php\/wp-json\/wp\/v2\/pages\/11\/revisions"}],"predecessor-version":[{"id":161,"href":"https:\/\/konkurs.castellogt.pl\/index.php\/wp-json\/wp\/v2\/pages\/11\/revisions\/161"}],"wp:attachment":[{"href":"https:\/\/konkurs.castellogt.pl\/index.php\/wp-json\/wp\/v2\/media?parent=11"}],"curies":[{"name":"wp","href":"https:\/\/api.w.org\/{rel}","templated":true}]}}