{"id":112,"date":"2025-10-18T06:49:41","date_gmt":"2025-10-18T06:49:41","guid":{"rendered":"https:\/\/konkurs.castellogt.pl\/?page_id=112"},"modified":"2025-10-19T07:53:44","modified_gmt":"2025-10-19T07:53:44","slug":"jury","status":"publish","type":"page","link":"https:\/\/konkurs.castellogt.pl\/index.php\/jury\/","title":{"rendered":"Jury"},"content":{"rendered":"\n<p>W ci\u0105gu dziesi\u0119ciu edycji Og\u00f3lnopolskiego Konkursu Indywidualno\u015bci Muzycznych&nbsp;<strong>ATMA<\/strong>&nbsp;w sk\u0142ad jury weszli wybitni przedstawiciele polskiego \u017cycia muzycznego \u2013&nbsp;<strong>instrumentali\u015bci, kompozytorzy, dyrygenci i pedagodzy akademiccy<\/strong>.<\/p>\n\n\n\n<p>Grono os\u00f3b, kt\u00f3re zaszczyci\u0142y konkurs swoj\u0105 obecno\u015bci\u0105 i autorytetem artystycznym:<br><strong>Ewa Bogusz-Moore, Mariola Cieniawa, Tomasz Daroch, Miros\u0142aw Herbowski, Ma\u0142gorzata Janicka-S\u0142ysz, Milena K\u0119dra, Marcin Koziak, Aleksandra Kuls-Koziak, Aleksandra Lelek, Maciej Lulek, Piotr Machnik, Marcin M\u0105czy\u0144ski, Marek Mo\u015b, Szymon Nehring, Karol Radziwonowicz, Krzysztof Sad\u0142owski, El\u017cbieta Stefa\u0144ska, Piotr Tarcholik, Maciej Tworek, Ma\u0142gorzata Wasiucionek, Monika Wili\u0144ska-Tarcholik, Joanna Wnuk-Nazarowa, Anna Zawadzka-Go\u0142osz<\/strong><br><br>Przewodnicz\u0105c\u0105 Jury jest <strong>Anna Zawadzka-Go\u0142osz<\/strong><\/p>\n\n\n\n<p>Tak szerokie spektrum do\u015bwiadcze\u0144 artystycznych i zawodowych pozwala na\u00a0<strong>r\u00f3\u017cnorodne, wnikliwe spojrzenie na uczestnik\u00f3w<\/strong>, \u0142\u0105cz\u0105ce wra\u017cliwo\u015b\u0107 wykonawcz\u0105 z perspektyw\u0105 tw\u00f3rcz\u0105 i naukow\u0105. Dzi\u0119ki temu konkurs ATMA zachowuje sw\u00f3j\u00a0<strong>wysoki poziom i wyj\u0105tkowy charakter<\/strong>\u00a0w\u015br\u00f3d wydarze\u0144 muzycznych w Polsce.<\/p>\n","protected":false},"excerpt":{"rendered":"<p>W ci\u0105gu dziesi\u0119ciu edycji Og\u00f3lnopolskiego Konkursu Indywidualno\u015bci Muzycznych&nbsp;ATMA&nbsp;w sk\u0142ad jury weszli wybitni przedstawiciele polskiego \u017cycia muzycznego \u2013&nbsp;instrumentali\u015bci, kompozytorzy, dyrygenci i pedagodzy akademiccy. Grono os\u00f3b, kt\u00f3re zaszczyci\u0142y konkurs swoj\u0105 obecno\u015bci\u0105 i autorytetem artystycznym:Ewa Bogusz-Moore, Mariola Cieniawa, Tomasz Daroch, Miros\u0142aw Herbowski, Ma\u0142gorzata Janicka-S\u0142ysz, Milena K\u0119dra, Marcin Koziak, Aleksandra Kuls-Koziak, Aleksandra Lelek, Maciej Lulek, Piotr Machnik, Marcin M\u0105czy\u0144ski,<\/p>\n<div class=\"more-link\">\n\t\t\t\t <a href=\"https:\/\/konkurs.castellogt.pl\/index.php\/jury\/\" class=\"link-btn theme-btn\"><span>Czytaj wi\u0119cej <\/span> <i class=\"fa fa-caret-right\"><\/i><\/a>\n\t\t\t<\/div>\n","protected":false},"author":1,"featured_media":0,"parent":0,"menu_order":0,"comment_status":"closed","ping_status":"closed","template":"","meta":{"footnotes":""},"class_list":["post-112","page","type-page","status-publish","hentry"],"_links":{"self":[{"href":"https:\/\/konkurs.castellogt.pl\/index.php\/wp-json\/wp\/v2\/pages\/112","targetHints":{"allow":["GET"]}}],"collection":[{"href":"https:\/\/konkurs.castellogt.pl\/index.php\/wp-json\/wp\/v2\/pages"}],"about":[{"href":"https:\/\/konkurs.castellogt.pl\/index.php\/wp-json\/wp\/v2\/types\/page"}],"author":[{"embeddable":true,"href":"https:\/\/konkurs.castellogt.pl\/index.php\/wp-json\/wp\/v2\/users\/1"}],"replies":[{"embeddable":true,"href":"https:\/\/konkurs.castellogt.pl\/index.php\/wp-json\/wp\/v2\/comments?post=112"}],"version-history":[{"count":8,"href":"https:\/\/konkurs.castellogt.pl\/index.php\/wp-json\/wp\/v2\/pages\/112\/revisions"}],"predecessor-version":[{"id":155,"href":"https:\/\/konkurs.castellogt.pl\/index.php\/wp-json\/wp\/v2\/pages\/112\/revisions\/155"}],"wp:attachment":[{"href":"https:\/\/konkurs.castellogt.pl\/index.php\/wp-json\/wp\/v2\/media?parent=112"}],"curies":[{"name":"wp","href":"https:\/\/api.w.org\/{rel}","templated":true}]}}