{"id":14,"date":"2025-10-01T09:57:11","date_gmt":"2025-10-01T09:57:11","guid":{"rendered":"https:\/\/konkurs.castellogt.pl\/?page_id=14"},"modified":"2025-10-14T17:35:34","modified_gmt":"2025-10-14T17:35:34","slug":"formularz-zgloszeniowy","status":"publish","type":"page","link":"https:\/\/konkurs.castellogt.pl\/index.php\/formularz-zgloszeniowy\/","title":{"rendered":"Formularz zg\u0142oszeniowy"},"content":{"rendered":"\n<p>Formularz zg\u0142oszeniowy dost\u0119pny jest\u00a0<strong><a href=\"https:\/\/forms.gle\/Ky7eHWBfcYuK9UgU9\">pod tym linkiem\u2013>><\/a><\/strong><\/p>\n\n\n\n<p>Op\u0142at\u0119 wpisow\u0105 w wysoko\u015bci&nbsp;<strong>200 PLN<\/strong>&nbsp;z dopiskiem<br><strong>Konkurs-Atma<\/strong>, nale\u017cy przes\u0142a\u0107 na konto bankowe:<\/p>\n\n\n\n<p>Agencja Koncertowo-Wydawnicza Castello<br>51 1160 2202 0000 0001 1664 7430<br>Millennium bank<\/p>\n","protected":false},"excerpt":{"rendered":"<p>Formularz zg\u0142oszeniowy dost\u0119pny jest\u00a0pod tym linkiem\u2013>> Op\u0142at\u0119 wpisow\u0105 w wysoko\u015bci&nbsp;200 PLN&nbsp;z dopiskiemKonkurs-Atma, nale\u017cy przes\u0142a\u0107 na konto bankowe: Agencja Koncertowo-Wydawnicza Castello51 1160 2202 0000 0001 1664 7430Millennium bank<\/p>\n","protected":false},"author":1,"featured_media":0,"parent":0,"menu_order":0,"comment_status":"closed","ping_status":"closed","template":"","meta":{"footnotes":""},"class_list":["post-14","page","type-page","status-publish","hentry"],"_links":{"self":[{"href":"https:\/\/konkurs.castellogt.pl\/index.php\/wp-json\/wp\/v2\/pages\/14","targetHints":{"allow":["GET"]}}],"collection":[{"href":"https:\/\/konkurs.castellogt.pl\/index.php\/wp-json\/wp\/v2\/pages"}],"about":[{"href":"https:\/\/konkurs.castellogt.pl\/index.php\/wp-json\/wp\/v2\/types\/page"}],"author":[{"embeddable":true,"href":"https:\/\/konkurs.castellogt.pl\/index.php\/wp-json\/wp\/v2\/users\/1"}],"replies":[{"embeddable":true,"href":"https:\/\/konkurs.castellogt.pl\/index.php\/wp-json\/wp\/v2\/comments?post=14"}],"version-history":[{"count":4,"href":"https:\/\/konkurs.castellogt.pl\/index.php\/wp-json\/wp\/v2\/pages\/14\/revisions"}],"predecessor-version":[{"id":101,"href":"https:\/\/konkurs.castellogt.pl\/index.php\/wp-json\/wp\/v2\/pages\/14\/revisions\/101"}],"wp:attachment":[{"href":"https:\/\/konkurs.castellogt.pl\/index.php\/wp-json\/wp\/v2\/media?parent=14"}],"curies":[{"name":"wp","href":"https:\/\/api.w.org\/{rel}","templated":true}]}}