{"id":15,"date":"2025-10-01T09:57:11","date_gmt":"2025-10-01T09:57:11","guid":{"rendered":"https:\/\/konkurs.castellogt.pl\/?page_id=15"},"modified":"2025-10-07T09:44:36","modified_gmt":"2025-10-07T09:44:36","slug":"kontakt","status":"publish","type":"page","link":"https:\/\/konkurs.castellogt.pl\/index.php\/kontakt\/","title":{"rendered":"Kontakt"},"content":{"rendered":"\n<p><strong>Agencja Koncertowo-Wydawnicza Castello<\/strong><br>ul. Bia\u0142a G\u00f3ra 36, 32-088 Januszowice<\/p>\n\n\n\n<p>Krzysztof Sad\u0142owski &#8211; dyrektor konkursu<br>tel. 607 334 323<\/p>\n\n\n\n<p>Micha\u0142 Paluch &#8211; sekretarz konkursu<br>tel. 607 434 798<\/p>\n","protected":false},"excerpt":{"rendered":"<p>Agencja Koncertowo-Wydawnicza Castelloul. Bia\u0142a G\u00f3ra 36, 32-088 Januszowice Krzysztof Sad\u0142owski &#8211; dyrektor konkursutel. 607 334 323 Micha\u0142 Paluch &#8211; sekretarz konkursutel. 607 434 798<\/p>\n","protected":false},"author":1,"featured_media":0,"parent":0,"menu_order":0,"comment_status":"closed","ping_status":"closed","template":"","meta":{"footnotes":""},"class_list":["post-15","page","type-page","status-publish","hentry"],"_links":{"self":[{"href":"https:\/\/konkurs.castellogt.pl\/index.php\/wp-json\/wp\/v2\/pages\/15","targetHints":{"allow":["GET"]}}],"collection":[{"href":"https:\/\/konkurs.castellogt.pl\/index.php\/wp-json\/wp\/v2\/pages"}],"about":[{"href":"https:\/\/konkurs.castellogt.pl\/index.php\/wp-json\/wp\/v2\/types\/page"}],"author":[{"embeddable":true,"href":"https:\/\/konkurs.castellogt.pl\/index.php\/wp-json\/wp\/v2\/users\/1"}],"replies":[{"embeddable":true,"href":"https:\/\/konkurs.castellogt.pl\/index.php\/wp-json\/wp\/v2\/comments?post=15"}],"version-history":[{"count":3,"href":"https:\/\/konkurs.castellogt.pl\/index.php\/wp-json\/wp\/v2\/pages\/15\/revisions"}],"predecessor-version":[{"id":95,"href":"https:\/\/konkurs.castellogt.pl\/index.php\/wp-json\/wp\/v2\/pages\/15\/revisions\/95"}],"wp:attachment":[{"href":"https:\/\/konkurs.castellogt.pl\/index.php\/wp-json\/wp\/v2\/media?parent=15"}],"curies":[{"name":"wp","href":"https:\/\/api.w.org\/{rel}","templated":true}]}}